{"id":47,"date":"2012-08-06T20:33:23","date_gmt":"2012-08-06T18:33:23","guid":{"rendered":"http:\/\/www.nutsima-massage.dev\/?page_id=47"},"modified":"2023-10-21T13:51:24","modified_gmt":"2023-10-21T11:51:24","slug":"om-mig","status":"publish","type":"page","link":"https:\/\/www.nutsima-massage.se\/?page_id=47","title":{"rendered":"Om mig"},"content":{"rendered":"<p><img loading=\"lazy\" decoding=\"async\" class=\"alignleft wp-image-333 size-medium\" title=\"DSC_0152+h\" src=\"http:\/\/www.nutsima-massage.se\/wordpress\/wp-content\/uploads\/2018\/07\/received_1483532475086820-225x300.jpeg\" alt=\"\" width=\"225\" height=\"300\" srcset=\"https:\/\/www.nutsima-massage.se\/wp-content\/uploads\/2018\/07\/received_1483532475086820-225x300.jpeg 225w, https:\/\/www.nutsima-massage.se\/wp-content\/uploads\/2018\/07\/received_1483532475086820-768x1024.jpeg 768w, https:\/\/www.nutsima-massage.se\/wp-content\/uploads\/2018\/07\/received_1483532475086820-700x933.jpeg 700w, https:\/\/www.nutsima-massage.se\/wp-content\/uploads\/2018\/07\/received_1483532475086820.jpeg 960w\" sizes=\"auto, (max-width: 225px) 100vw, 225px\" \/>Mitt namn \u00e4r Nutsima Bunchouy.<\/p>\n<p>Jag har arbetat p\u00e5 en salong som makeup artist innan jag gick p\u00e5 skola f\u00f6r att l\u00e4ra mig thail\u00e4ndsk massage i 2003. Skolan jag gick\u00a0till \u00e4r Institutet f\u00f6r traditionell thail\u00e4ndsk medicin vid h\u00e4lsoministeriet i Bangkok.<\/p>\n<p>Sedan d\u00e5 har jag arbetat som massageterapeut i Bangkok innan jag flyttade till Sverige i b\u00f6rjan av 2012.<\/p>\n<p>Jag masserar med fokus p\u00e5 att ta bort huvudv\u00e4rk, sm\u00e4rta i skulder och sm\u00e4rta i nedre delen av ryggen, med hj\u00e4lp av tekniker som jag har f\u00f6rb\u00e4ttrat p\u00e5 under mina mer \u00e4n 20 \u00e5rs erfarenhet.<\/p>\n<p>Jag \u00e4r ocks\u00e5 erfaren i sm\u00e4rtlindring f\u00f6r kvinnor under och efter graviditeten med ett s\u00e4rskilt fokus p\u00e5 h\u00f6ft omr\u00e5de d\u00e4r m\u00e5nga kvinnor har ont.<\/p>\n","protected":false},"excerpt":{"rendered":"<p>Mitt namn \u00e4r Nutsima Bunchouy. Jag har arbetat p\u00e5 en salong som makeup artist innan jag gick p\u00e5 skola f\u00f6r att l\u00e4ra mig thail\u00e4ndsk massage i 2003. Skolan jag gick\u00a0till \u00e4r Institutet f\u00f6r traditionell thail\u00e4ndsk medicin vid h\u00e4lsoministeriet i Bangkok. Sedan d\u00e5 har jag arbetat som massageterapeut i Bangkok innan &#8230;<\/p>\n","protected":false},"author":1,"featured_media":0,"parent":0,"menu_order":3,"comment_status":"closed","ping_status":"closed","template":"","meta":{"footnotes":""},"class_list":["post-47","page","type-page","status-publish","hentry","column","threecol"],"_links":{"self":[{"href":"https:\/\/www.nutsima-massage.se\/index.php?rest_route=\/wp\/v2\/pages\/47","targetHints":{"allow":["GET"]}}],"collection":[{"href":"https:\/\/www.nutsima-massage.se\/index.php?rest_route=\/wp\/v2\/pages"}],"about":[{"href":"https:\/\/www.nutsima-massage.se\/index.php?rest_route=\/wp\/v2\/types\/page"}],"author":[{"embeddable":true,"href":"https:\/\/www.nutsima-massage.se\/index.php?rest_route=\/wp\/v2\/users\/1"}],"replies":[{"embeddable":true,"href":"https:\/\/www.nutsima-massage.se\/index.php?rest_route=%2Fwp%2Fv2%2Fcomments&post=47"}],"version-history":[{"count":9,"href":"https:\/\/www.nutsima-massage.se\/index.php?rest_route=\/wp\/v2\/pages\/47\/revisions"}],"predecessor-version":[{"id":349,"href":"https:\/\/www.nutsima-massage.se\/index.php?rest_route=\/wp\/v2\/pages\/47\/revisions\/349"}],"wp:attachment":[{"href":"https:\/\/www.nutsima-massage.se\/index.php?rest_route=%2Fwp%2Fv2%2Fmedia&parent=47"}],"curies":[{"name":"wp","href":"https:\/\/api.w.org\/{rel}","templated":true}]}}