{"id":20,"date":"2012-08-06T18:38:48","date_gmt":"2012-08-06T16:38:48","guid":{"rendered":"http:\/\/www.nutsima-massage.dev\/?page_id=20"},"modified":"2025-12-21T13:17:46","modified_gmt":"2025-12-21T11:17:46","slug":"kontakt","status":"publish","type":"page","link":"https:\/\/www.nutsima-massage.se\/?page_id=20","title":{"rendered":"Kontakt"},"content":{"rendered":"<p><img loading=\"lazy\" decoding=\"async\" class=\"wp-image-333 size-medium alignright\" title=\"DSC_0152+h\" src=\"http:\/\/www.nutsima-massage.se\/wordpress\/wp-content\/uploads\/2018\/07\/received_1483532475086820-225x300.jpeg\" alt=\"\" width=\"225\" height=\"300\" srcset=\"https:\/\/www.nutsima-massage.se\/wp-content\/uploads\/2018\/07\/received_1483532475086820-225x300.jpeg 225w, https:\/\/www.nutsima-massage.se\/wp-content\/uploads\/2018\/07\/received_1483532475086820-768x1024.jpeg 768w, https:\/\/www.nutsima-massage.se\/wp-content\/uploads\/2018\/07\/received_1483532475086820-700x933.jpeg 700w, https:\/\/www.nutsima-massage.se\/wp-content\/uploads\/2018\/07\/received_1483532475086820.jpeg 960w\" sizes=\"auto, (max-width: 225px) 100vw, 225px\" \/>Du hittar mig p\u00e5 Mariedalsv\u00e4gen 60B i Malm\u00f6.<br \/>\nDu kan hitta den p\u00e5 kartan <a title=\"Mariedalsv\u00e4gen 60B\" href=\"http:\/\/www.hitta.se\/karta?ref=start#var=mariedalsv%C3%A4gen%2060b&amp;from=1&amp;pageCount=20&amp;level=1&amp;sm=6&amp;center=6166027:1322131&amp;type=map&amp;zl=9&amp;bounds=6165864:1321790,6166191:1322473\" target=\"_blank\" rel=\"noopener\">h\u00e4r<\/a>.<\/p>\n<p>V\u00e4nligen boka i f\u00f6rv\u00e4g, jag \u00e4r inte i butiken hela tiden.<br \/>\nDu kan\u00a0ringa och boka tid p\u00e5 0760 &#8211; 59 69 80.<\/p>\n<p>Mina \u00f6ppettider \u00e4r:<\/p>\n<p>Mandag-Fredag: 10:00-18:00<br \/>\nL\u00f6rdag: Endast bokning 11:00-16:00<br \/>\nS\u00f6ndag: St\u00e4ngt<\/p>\n<p>Priser:<\/p>\n<ul>\n<li>Oljemassage &#8211; 30 min &#8211; 400:-<\/li>\n<li>Oljemassage &#8211; 45 min &#8211; 500:-<\/li>\n<li>Oljemassage &#8211; 60 min &#8211; 600:-<\/li>\n<li>Oljemassage &#8211; 90 min &#8211; 1000:-<\/li>\n<li>Oljemassage &#8211; 120 min &#8211; 1200:-<\/li>\n<\/ul>\n<p>Jag tar kontant betalning, kort och SWISH.<\/p>\n","protected":false},"excerpt":{"rendered":"<p>Du hittar mig p\u00e5 Mariedalsv\u00e4gen 60B i Malm\u00f6. Du kan hitta den p\u00e5 kartan h\u00e4r. V\u00e4nligen boka i f\u00f6rv\u00e4g, jag \u00e4r inte i butiken hela tiden. Du kan\u00a0ringa och boka tid p\u00e5 0760 &#8211; 59 69 80. Mina \u00f6ppettider \u00e4r: Mandag-Fredag: 10:00-18:00 L\u00f6rdag: Endast bokning 11:00-16:00 S\u00f6ndag: St\u00e4ngt Priser: Oljemassage &#8230;<\/p>\n","protected":false},"author":1,"featured_media":0,"parent":0,"menu_order":2,"comment_status":"closed","ping_status":"closed","template":"","meta":{"footnotes":""},"class_list":["post-20","page","type-page","status-publish","hentry","column","threecol"],"_links":{"self":[{"href":"https:\/\/www.nutsima-massage.se\/index.php?rest_route=\/wp\/v2\/pages\/20","targetHints":{"allow":["GET"]}}],"collection":[{"href":"https:\/\/www.nutsima-massage.se\/index.php?rest_route=\/wp\/v2\/pages"}],"about":[{"href":"https:\/\/www.nutsima-massage.se\/index.php?rest_route=\/wp\/v2\/types\/page"}],"author":[{"embeddable":true,"href":"https:\/\/www.nutsima-massage.se\/index.php?rest_route=\/wp\/v2\/users\/1"}],"replies":[{"embeddable":true,"href":"https:\/\/www.nutsima-massage.se\/index.php?rest_route=%2Fwp%2Fv2%2Fcomments&post=20"}],"version-history":[{"count":90,"href":"https:\/\/www.nutsima-massage.se\/index.php?rest_route=\/wp\/v2\/pages\/20\/revisions"}],"predecessor-version":[{"id":353,"href":"https:\/\/www.nutsima-massage.se\/index.php?rest_route=\/wp\/v2\/pages\/20\/revisions\/353"}],"wp:attachment":[{"href":"https:\/\/www.nutsima-massage.se\/index.php?rest_route=%2Fwp%2Fv2%2Fmedia&parent=20"}],"curies":[{"name":"wp","href":"https:\/\/api.w.org\/{rel}","templated":true}]}}